{"id":7710,"date":"2023-02-23T12:43:00","date_gmt":"2023-02-23T17:43:00","guid":{"rendered":"https:\/\/charleslimo.bluehat.hosting\/limousines\/2023-cadillac-escalade-esv\/"},"modified":"2024-05-06T10:39:10","modified_gmt":"2024-05-06T14:39:10","slug":"2023-cadillac-escalade-esv","status":"publish","type":"product","link":"https:\/\/charleslimousine.com\/fr\/limousines\/2023-cadillac-escalade-esv\/","title":{"rendered":"Cadillac Escalade ESV"},"content":{"rendered":"<p>FAIT POUR VOTRE CONFORT<br \/>\nUne qualit\u00e9 de fabrication exceptionnelle et un confort tout aussi exceptionnel, avec notamment des si\u00e8ges avant chauffants et refroidis et des si\u00e8ges lat\u00e9raux arri\u00e8re chauffants.<\/p>\n<p>ENCORE PLUS D&rsquo;ESPACE<br \/>\nL&rsquo;Escalade ESV fait passer l&rsquo;habitabilit\u00e9 et le confort au niveau sup\u00e9rieur gr\u00e2ce \u00e0 l&rsquo;espace suppl\u00e9mentaire pour les jambes des passagers arri\u00e8re, \u00e0 la garde au toit et \u00e0 l&rsquo;espace de chargement qui permettent d&rsquo;accueillir jusqu&rsquo;\u00e0 huit passagers.<\/p>\n<p>SE DIVERTIR SUR LA ROUTE<br \/>\nLes passagers de la deuxi\u00e8me et de la troisi\u00e8me rang\u00e9e profitent du syst\u00e8me de divertissement aux places arri\u00e8re, disponible en option.<\/p>\n<p>SYST\u00c8ME CENTERPOINT DE BOSE \u00c0 16 HAUT-PARLEURS<br \/>\nLe syst\u00e8me ambiophonique Bose Centerpoint\u00ae comprend 16 haut-parleurs et fait de chaque trajet une exp\u00e9rience auditive captivante.<\/p>\n","protected":false},"excerpt":{"rendered":"[fusion_builder_container type=\"flex\" hundred_percent=\"no\" equal_height_columns=\"no\" menu_anchor=\"\" hide_on_mobile=\"small-visibility,medium-visibility,large-visibility\" class=\"\" id=\"\" background_color=\"\" background_image=\"\" background_position=\"center center\" background_repeat=\"no-repeat\" fade=\"no\" background_parallax=\"none\" parallax_speed=\"0.3\" video_mp4=\"\" video_webm=\"\" video_ogv=\"\" video_url=\"\" video_aspect_ratio=\"16:9\" video_loop=\"yes\" video_mute=\"yes\" overlay_color=\"\" video_preview_image=\"\" border_color=\"\" border_style=\"solid\" padding_top=\"\" padding_bottom=\"\" padding_left=\"0\" padding_right=\"\"][fusion_builder_row][fusion_builder_column type=\"1_1\" layout=\"1_1\" background_position=\"left top\" background_color=\"\" border_color=\"\" border_style=\"solid\" border_position=\"all\" spacing=\"yes\" background_image=\"\" background_repeat=\"no-repeat\" padding_top=\"\" padding_right=\"\" padding_bottom=\"\" padding_left=\"\" margin_top=\"0px\" margin_bottom=\"0px\" class=\"\" id=\"\" animation_type=\"\" animation_speed=\"0.3\" animation_direction=\"left\" hide_on_mobile=\"small-visibility,medium-visibility,large-visibility\" center_content=\"no\" last=\"true\" min_height=\"\" hover_type=\"none\" link=\"\" border_sizes_top=\"\" border_sizes_bottom=\"\" border_sizes_left=\"\" border_sizes_right=\"\" first=\"true\"][fusion_text columns=\"\" rule_style=\"default\" rule_size=\"\" animation_direction=\"left\" animation_speed=\"0.3\" hide_on_mobile=\"small-visibility,medium-visibility,large-visibility\" sticky_display=\"normal,sticky\" margin_bottom=\"40px\"]L&rsquo;Escalade est incontestablement un VUS de luxe. Outre sa carrosserie chrom\u00e9e, l&rsquo;Escalade dispose d&rsquo;un grand nombre d&rsquo;\u00e9quipements de s\u00e9rie haut de gamme tels que l&rsquo;int\u00e9rieur en cuir, les si\u00e8ges avant chauffants et ventil\u00e9s, l&rsquo;aide au stationnement automatique, et bien d&rsquo;autres encore.[\/fusion_text][fusion_button link=\"\/fr\/reservation\/\" title=\"\" target=\"_self\" link_attributes=\"\" alignment_medium=\"\" alignment_small=\"\" alignment=\"\" modal=\"\" hide_on_mobile=\"small-visibility,medium-visibility,large-visibility\" sticky_display=\"normal,sticky\" class=\"\" id=\"\" color=\"custom\" button_gradient_top_color=\"var(--awb-color5)\" hue=\"\" saturation=\"\" lightness=\"\" alpha=\"\" button_gradient_bottom_color=\"var(--awb-color5)\" button_gradient_top_color_hover=\"var(--awb-color7)\" button_gradient_bottom_color_hover=\"var(--awb-color7)\" gradient_start_position=\"\" gradient_end_position=\"\" gradient_type=\"\" radial_direction=\"\" linear_angle=\"180\" accent_color=\"\" accent_hover_color=\"\" type=\"\" bevel_color=\"\" bevel_color_hover=\"\" border_top=\"1px\" border_right=\"1px\" border_bottom=\"1px\" border_left=\"1px\" border_radius_top_left=\"\" border_radius_top_right=\"\" border_radius_bottom_right=\"\" border_radius_bottom_left=\"\" border_color=\"var(--awb-color5)\" border_hover_color=\"var(--awb-color7)\" size=\"\" padding_top=\"\" padding_right=\"\" padding_bottom=\"\" padding_left=\"\" fusion_font_family_button_font=\"var(--awb-typography3-font-family)\" fusion_font_variant_button_font=\"var(--awb-typography3)\" font_size=\"var(--awb-typography3-font-size)\" line_height=\"var(--awb-typography3-line-height)\" letter_spacing=\"var(--awb-typography3-letter-spacing)\" text_transform=\"uppercase\" stretch=\"default\" margin_top=\"20px\" margin_right=\"20px\" margin_bottom=\"\" margin_left=\"\" icon=\"\" icon_position=\"left\" icon_divider=\"no\" hover_transition=\"none\" animation_type=\"\" animation_direction=\"left\" animation_color=\"\" animation_speed=\"0.3\" animation_delay=\"0\" animation_offset=\"\"]CONTACTEZ-NOUS[\/fusion_button][\/fusion_builder_column][\/fusion_builder_row][\/fusion_builder_container]\n","protected":false},"featured_media":6344,"template":"","meta":[],"product_brand":[],"product_cat":[546,526],"product_tag":[528,536],"class_list":{"0":"post-7710","1":"product","2":"type-product","3":"status-publish","4":"has-post-thumbnail","6":"product_cat-model-cadillac-fr","7":"product_cat-charles-limousine-flotte-montreal","8":"product_tag-2023-fr","9":"product_tag-esv-fr","10":"pa_color-noire","12":"first","13":"instock","14":"shipping-taxable","15":"purchasable","16":"product-type-simple"},"yoast_head":"<!-- This site is optimized with the Yoast SEO plugin v27.3 - https:\/\/yoast.com\/product\/yoast-seo-wordpress\/ -->\n<title>Cadillac Escalade ESV 2023 | Charles Limousine<\/title>\n<meta name=\"description\" content=\"Profitez d&#039;une exp\u00e9rience de voyage raffin\u00e9e dans notre Cadillac Escalade ESV. Spacieux et confortable, ce SUV de luxe est parfait pour les voyages en famille et en groupe.\" \/>\n<meta name=\"robots\" content=\"index, follow, max-snippet:-1, max-image-preview:large, max-video-preview:-1\" \/>\n<link rel=\"canonical\" href=\"https:\/\/charleslimousine.com\/fr\/limousines\/2023-cadillac-escalade-esv\/\" \/>\n<meta property=\"og:locale\" content=\"fr_CA\" \/>\n<meta property=\"og:type\" content=\"article\" \/>\n<meta property=\"og:title\" content=\"Cadillac Escalade ESV 2023 | Charles Limousine\" \/>\n<meta property=\"og:description\" content=\"Profitez d&#039;une exp\u00e9rience de voyage raffin\u00e9e dans notre Cadillac Escalade ESV. Spacieux et confortable, ce SUV de luxe est parfait pour les voyages en famille et en groupe.\" \/>\n<meta property=\"og:url\" content=\"https:\/\/charleslimousine.com\/fr\/limousines\/2023-cadillac-escalade-esv\/\" \/>\n<meta property=\"og:site_name\" content=\"Limousine Charles\" \/>\n<meta property=\"article:publisher\" content=\"https:\/\/www.facebook.com\/Charles.Limousine\/\" \/>\n<meta property=\"article:modified_time\" content=\"2024-05-06T14:39:10+00:00\" \/>\n<meta property=\"og:image\" content=\"https:\/\/charleslimousine.com\/wp-content\/uploads\/2023\/02\/Cadillac-Escalade-ESV_2023_1-1.jpg\" \/>\n\t<meta property=\"og:image:width\" content=\"860\" \/>\n\t<meta property=\"og:image:height\" content=\"692\" \/>\n\t<meta property=\"og:image:type\" content=\"image\/jpeg\" \/>\n<meta name=\"twitter:card\" content=\"summary_large_image\" \/>\n<meta name=\"twitter:label1\" content=\"Estimation du temps de lecture\" \/>\n\t<meta name=\"twitter:data1\" content=\"1 minute\" \/>\n<script type=\"application\/ld+json\" class=\"yoast-schema-graph\">{\"@context\":\"https:\\\/\\\/schema.org\",\"@graph\":[{\"@type\":\"WebPage\",\"@id\":\"https:\\\/\\\/charleslimousine.com\\\/fr\\\/limousines\\\/2023-cadillac-escalade-esv\\\/\",\"url\":\"https:\\\/\\\/charleslimousine.com\\\/fr\\\/limousines\\\/2023-cadillac-escalade-esv\\\/\",\"name\":\"Cadillac Escalade ESV 2023 | Charles Limousine\",\"isPartOf\":{\"@id\":\"https:\\\/\\\/charleslimousine.com\\\/fr\\\/#website\"},\"primaryImageOfPage\":{\"@id\":\"https:\\\/\\\/charleslimousine.com\\\/fr\\\/limousines\\\/2023-cadillac-escalade-esv\\\/#primaryimage\"},\"image\":{\"@id\":\"https:\\\/\\\/charleslimousine.com\\\/fr\\\/limousines\\\/2023-cadillac-escalade-esv\\\/#primaryimage\"},\"thumbnailUrl\":\"https:\\\/\\\/charleslimousine.com\\\/wp-content\\\/uploads\\\/2023\\\/02\\\/Cadillac-Escalade-ESV_2023_1-1.jpg\",\"datePublished\":\"2023-02-23T17:43:00+00:00\",\"dateModified\":\"2024-05-06T14:39:10+00:00\",\"description\":\"Profitez d'une exp\u00e9rience de voyage raffin\u00e9e dans notre Cadillac Escalade ESV. Spacieux et confortable, ce SUV de luxe est parfait pour les voyages en famille et en groupe.\",\"breadcrumb\":{\"@id\":\"https:\\\/\\\/charleslimousine.com\\\/fr\\\/limousines\\\/2023-cadillac-escalade-esv\\\/#breadcrumb\"},\"inLanguage\":\"fr-CA\",\"potentialAction\":[{\"@type\":\"ReadAction\",\"target\":[\"https:\\\/\\\/charleslimousine.com\\\/fr\\\/limousines\\\/2023-cadillac-escalade-esv\\\/\"]}]},{\"@type\":\"ImageObject\",\"inLanguage\":\"fr-CA\",\"@id\":\"https:\\\/\\\/charleslimousine.com\\\/fr\\\/limousines\\\/2023-cadillac-escalade-esv\\\/#primaryimage\",\"url\":\"https:\\\/\\\/charleslimousine.com\\\/wp-content\\\/uploads\\\/2023\\\/02\\\/Cadillac-Escalade-ESV_2023_1-1.jpg\",\"contentUrl\":\"https:\\\/\\\/charleslimousine.com\\\/wp-content\\\/uploads\\\/2023\\\/02\\\/Cadillac-Escalade-ESV_2023_1-1.jpg\",\"width\":860,\"height\":692,\"caption\":\"Cadillac Escalade ESV 2023\"},{\"@type\":\"BreadcrumbList\",\"@id\":\"https:\\\/\\\/charleslimousine.com\\\/fr\\\/limousines\\\/2023-cadillac-escalade-esv\\\/#breadcrumb\",\"itemListElement\":[{\"@type\":\"ListItem\",\"position\":1,\"name\":\"Home\",\"item\":\"https:\\\/\\\/charleslimousine.com\\\/fr\\\/\"},{\"@type\":\"ListItem\",\"position\":2,\"name\":\"Limousines A\u00e9roport, Laval &#038; Montr\u00e9al\",\"item\":\"https:\\\/\\\/charleslimousine.com\\\/fr\\\/limousines\\\/\"},{\"@type\":\"ListItem\",\"position\":3,\"name\":\"Cadillac Escalade ESV\"}]},{\"@type\":\"WebSite\",\"@id\":\"https:\\\/\\\/charleslimousine.com\\\/fr\\\/#website\",\"url\":\"https:\\\/\\\/charleslimousine.com\\\/fr\\\/\",\"name\":\"Limousine Charles\",\"description\":\"Montreal Limo Service\",\"potentialAction\":[{\"@type\":\"SearchAction\",\"target\":{\"@type\":\"EntryPoint\",\"urlTemplate\":\"https:\\\/\\\/charleslimousine.com\\\/fr\\\/?s={search_term_string}\"},\"query-input\":{\"@type\":\"PropertyValueSpecification\",\"valueRequired\":true,\"valueName\":\"search_term_string\"}}],\"inLanguage\":\"fr-CA\"}]}<\/script>\n<!-- \/ Yoast SEO plugin. -->","yoast_head_json":{"title":"Cadillac Escalade ESV 2023 | Charles Limousine","description":"Profitez d'une exp\u00e9rience de voyage raffin\u00e9e dans notre Cadillac Escalade ESV. Spacieux et confortable, ce SUV de luxe est parfait pour les voyages en famille et en groupe.","robots":{"index":"index","follow":"follow","max-snippet":"max-snippet:-1","max-image-preview":"max-image-preview:large","max-video-preview":"max-video-preview:-1"},"canonical":"https:\/\/charleslimousine.com\/fr\/limousines\/2023-cadillac-escalade-esv\/","og_locale":"fr_CA","og_type":"article","og_title":"Cadillac Escalade ESV 2023 | Charles Limousine","og_description":"Profitez d'une exp\u00e9rience de voyage raffin\u00e9e dans notre Cadillac Escalade ESV. Spacieux et confortable, ce SUV de luxe est parfait pour les voyages en famille et en groupe.","og_url":"https:\/\/charleslimousine.com\/fr\/limousines\/2023-cadillac-escalade-esv\/","og_site_name":"Limousine Charles","article_publisher":"https:\/\/www.facebook.com\/Charles.Limousine\/","article_modified_time":"2024-05-06T14:39:10+00:00","og_image":[{"width":860,"height":692,"url":"https:\/\/charleslimousine.com\/wp-content\/uploads\/2023\/02\/Cadillac-Escalade-ESV_2023_1-1.jpg","type":"image\/jpeg"}],"twitter_card":"summary_large_image","twitter_misc":{"Estimation du temps de lecture":"1 minute"},"schema":{"@context":"https:\/\/schema.org","@graph":[{"@type":"WebPage","@id":"https:\/\/charleslimousine.com\/fr\/limousines\/2023-cadillac-escalade-esv\/","url":"https:\/\/charleslimousine.com\/fr\/limousines\/2023-cadillac-escalade-esv\/","name":"Cadillac Escalade ESV 2023 | Charles Limousine","isPartOf":{"@id":"https:\/\/charleslimousine.com\/fr\/#website"},"primaryImageOfPage":{"@id":"https:\/\/charleslimousine.com\/fr\/limousines\/2023-cadillac-escalade-esv\/#primaryimage"},"image":{"@id":"https:\/\/charleslimousine.com\/fr\/limousines\/2023-cadillac-escalade-esv\/#primaryimage"},"thumbnailUrl":"https:\/\/charleslimousine.com\/wp-content\/uploads\/2023\/02\/Cadillac-Escalade-ESV_2023_1-1.jpg","datePublished":"2023-02-23T17:43:00+00:00","dateModified":"2024-05-06T14:39:10+00:00","description":"Profitez d'une exp\u00e9rience de voyage raffin\u00e9e dans notre Cadillac Escalade ESV. Spacieux et confortable, ce SUV de luxe est parfait pour les voyages en famille et en groupe.","breadcrumb":{"@id":"https:\/\/charleslimousine.com\/fr\/limousines\/2023-cadillac-escalade-esv\/#breadcrumb"},"inLanguage":"fr-CA","potentialAction":[{"@type":"ReadAction","target":["https:\/\/charleslimousine.com\/fr\/limousines\/2023-cadillac-escalade-esv\/"]}]},{"@type":"ImageObject","inLanguage":"fr-CA","@id":"https:\/\/charleslimousine.com\/fr\/limousines\/2023-cadillac-escalade-esv\/#primaryimage","url":"https:\/\/charleslimousine.com\/wp-content\/uploads\/2023\/02\/Cadillac-Escalade-ESV_2023_1-1.jpg","contentUrl":"https:\/\/charleslimousine.com\/wp-content\/uploads\/2023\/02\/Cadillac-Escalade-ESV_2023_1-1.jpg","width":860,"height":692,"caption":"Cadillac Escalade ESV 2023"},{"@type":"BreadcrumbList","@id":"https:\/\/charleslimousine.com\/fr\/limousines\/2023-cadillac-escalade-esv\/#breadcrumb","itemListElement":[{"@type":"ListItem","position":1,"name":"Home","item":"https:\/\/charleslimousine.com\/fr\/"},{"@type":"ListItem","position":2,"name":"Limousines A\u00e9roport, Laval &#038; Montr\u00e9al","item":"https:\/\/charleslimousine.com\/fr\/limousines\/"},{"@type":"ListItem","position":3,"name":"Cadillac Escalade ESV"}]},{"@type":"WebSite","@id":"https:\/\/charleslimousine.com\/fr\/#website","url":"https:\/\/charleslimousine.com\/fr\/","name":"Limousine Charles","description":"Montreal Limo Service","potentialAction":[{"@type":"SearchAction","target":{"@type":"EntryPoint","urlTemplate":"https:\/\/charleslimousine.com\/fr\/?s={search_term_string}"},"query-input":{"@type":"PropertyValueSpecification","valueRequired":true,"valueName":"search_term_string"}}],"inLanguage":"fr-CA"}]}},"_links":{"self":[{"href":"https:\/\/charleslimousine.com\/fr\/wp-json\/wp\/v2\/product\/7710","targetHints":{"allow":["GET"]}}],"collection":[{"href":"https:\/\/charleslimousine.com\/fr\/wp-json\/wp\/v2\/product"}],"about":[{"href":"https:\/\/charleslimousine.com\/fr\/wp-json\/wp\/v2\/types\/product"}],"wp:featuredmedia":[{"embeddable":true,"href":"https:\/\/charleslimousine.com\/fr\/wp-json\/wp\/v2\/media\/6344"}],"wp:attachment":[{"href":"https:\/\/charleslimousine.com\/fr\/wp-json\/wp\/v2\/media?parent=7710"}],"wp:term":[{"taxonomy":"product_brand","embeddable":true,"href":"https:\/\/charleslimousine.com\/fr\/wp-json\/wp\/v2\/product_brand?post=7710"},{"taxonomy":"product_cat","embeddable":true,"href":"https:\/\/charleslimousine.com\/fr\/wp-json\/wp\/v2\/product_cat?post=7710"},{"taxonomy":"product_tag","embeddable":true,"href":"https:\/\/charleslimousine.com\/fr\/wp-json\/wp\/v2\/product_tag?post=7710"}],"curies":[{"name":"wp","href":"https:\/\/api.w.org\/{rel}","templated":true}]}}