{"id":7712,"date":"2023-02-08T08:23:00","date_gmt":"2023-02-08T13:23:00","guid":{"rendered":"https:\/\/charleslimo.bluehat.hosting\/limousines\/2022-black-cadillac-xt6\/"},"modified":"2024-05-06T10:41:33","modified_gmt":"2024-05-06T14:41:33","slug":"2022-black-cadillac-xt6","status":"publish","type":"product","link":"https:\/\/charleslimousine.com\/fr\/limousines\/2022-black-cadillac-xt6\/","title":{"rendered":"Cadillac XT6 noire"},"content":{"rendered":"<p>Le Cadillac XT6 est un VUS de luxe de taille moyenne \u00e0 trois rang\u00e9es de si\u00e8ges. Dans la gamme des VUS de Cadillac, le XT6 se situe entre le XT5, plus petit, et l&rsquo;Escalade, plus grand et bas\u00e9 sur un camion. Il est en concurrence avec d&rsquo;autres crossovers de luxe de taille moyenne tels que l&rsquo;Acura MDX, l&rsquo;Audi Q7 et le Lincoln Aviator.<\/p>\n<p>Les points forts du Cadillac XT6 :<\/p>\n<ul>\n<li>En termes de dimensions approximatives, le Cadillac XT6 se situe au m\u00eame niveau que ses concurrents du segment et est beaucoup plus grand que son petit fr\u00e8re crossover, le XT5.<\/li>\n<li>Le moteur V6 de 3,6 litres du XT6 le propulse \u00e0 100 km\/h en 7,3 secondes.<\/li>\n<li>Le XT6 est plus silencieux que de nombreux VUS de luxe.<\/li>\n<li>Le syst\u00e8me audio Bose a une puissance suffisante pour vous permettre d&rsquo;\u00e9couter votre musique avec une clart\u00e9 sonore d\u00e9cente.<\/li>\n<\/ul>\n","protected":false},"excerpt":{"rendered":"[fusion_builder_container type=\"flex\" hundred_percent=\"no\" equal_height_columns=\"no\" menu_anchor=\"\" hide_on_mobile=\"small-visibility,medium-visibility,large-visibility\" class=\"\" id=\"\" background_color=\"\" background_image=\"\" background_position=\"center center\" background_repeat=\"no-repeat\" fade=\"no\" background_parallax=\"none\" parallax_speed=\"0.3\" video_mp4=\"\" video_webm=\"\" video_ogv=\"\" video_url=\"\" video_aspect_ratio=\"16:9\" video_loop=\"yes\" video_mute=\"yes\" overlay_color=\"\" video_preview_image=\"\" border_color=\"\" border_style=\"solid\" padding_top=\"\" padding_bottom=\"\" padding_left=\"0\" padding_right=\"\"][fusion_builder_row][fusion_builder_column type=\"1_1\" layout=\"1_1\" background_position=\"left top\" background_color=\"\" border_color=\"\" border_style=\"solid\" border_position=\"all\" spacing=\"yes\" background_image=\"\" background_repeat=\"no-repeat\" padding_top=\"\" padding_right=\"\" padding_bottom=\"\" padding_left=\"\" margin_top=\"0px\" margin_bottom=\"0px\" class=\"\" id=\"\" animation_type=\"\" animation_speed=\"0.3\" animation_direction=\"left\" hide_on_mobile=\"small-visibility,medium-visibility,large-visibility\" center_content=\"no\" last=\"true\" min_height=\"\" hover_type=\"none\" link=\"\" border_sizes_top=\"\" border_sizes_bottom=\"\" border_sizes_left=\"\" border_sizes_right=\"\" first=\"true\"][fusion_text columns=\"\" rule_style=\"default\" rule_size=\"\" animation_direction=\"left\" animation_speed=\"0.3\" hide_on_mobile=\"small-visibility,medium-visibility,large-visibility\" sticky_display=\"normal,sticky\" margin_bottom=\"40px\"]Le Cadillac XT6 est le plus grand v\u00e9hicule utilitaire multisegment (CUV) de la marque de luxe. Ses caract\u00e9ristiques technologiques attrayantes et son habitacle confortable donnent une bonne impression.[\/fusion_text][fusion_button link=\"\/fr\/reservation\/\" title=\"\" target=\"_self\" link_attributes=\"\" alignment_medium=\"\" alignment_small=\"\" alignment=\"\" modal=\"\" hide_on_mobile=\"small-visibility,medium-visibility,large-visibility\" sticky_display=\"normal,sticky\" class=\"\" id=\"\" color=\"custom\" button_gradient_top_color=\"var(--awb-color5)\" hue=\"\" saturation=\"\" lightness=\"\" alpha=\"\" button_gradient_bottom_color=\"var(--awb-color5)\" button_gradient_top_color_hover=\"var(--awb-color7)\" button_gradient_bottom_color_hover=\"var(--awb-color7)\" gradient_start_position=\"\" gradient_end_position=\"\" gradient_type=\"\" radial_direction=\"\" linear_angle=\"180\" accent_color=\"\" accent_hover_color=\"\" type=\"\" bevel_color=\"\" bevel_color_hover=\"\" border_top=\"1px\" border_right=\"1px\" border_bottom=\"1px\" border_left=\"1px\" border_radius_top_left=\"\" border_radius_top_right=\"\" border_radius_bottom_right=\"\" border_radius_bottom_left=\"\" border_color=\"var(--awb-color5)\" border_hover_color=\"var(--awb-color7)\" size=\"\" padding_top=\"\" padding_right=\"\" padding_bottom=\"\" padding_left=\"\" fusion_font_family_button_font=\"var(--awb-typography3-font-family)\" fusion_font_variant_button_font=\"var(--awb-typography3)\" font_size=\"var(--awb-typography3-font-size)\" line_height=\"var(--awb-typography3-line-height)\" letter_spacing=\"var(--awb-typography3-letter-spacing)\" text_transform=\"uppercase\" stretch=\"default\" margin_top=\"20px\" margin_right=\"20px\" margin_bottom=\"\" margin_left=\"\" icon=\"\" icon_position=\"left\" icon_divider=\"no\" hover_transition=\"none\" animation_type=\"\" animation_direction=\"left\" animation_color=\"\" animation_speed=\"0.3\" animation_delay=\"0\" animation_offset=\"\"]CONTACTEZ-NOUS[\/fusion_button][\/fusion_builder_column][\/fusion_builder_row][\/fusion_builder_container]\n","protected":false},"featured_media":7734,"template":"","meta":[],"product_brand":[],"product_cat":[546,526],"product_tag":[531,544],"class_list":{"0":"post-7712","1":"product","2":"type-product","3":"status-publish","4":"has-post-thumbnail","6":"product_cat-model-cadillac-fr","7":"product_cat-charles-limousine-flotte-montreal","8":"product_tag-2020-fr","9":"product_tag-xt6-fr","10":"pa_color-noire","12":"first","13":"instock","14":"shipping-taxable","15":"purchasable","16":"product-type-simple"},"yoast_head":"<!-- This site is optimized with the Yoast SEO plugin v27.3 - https:\/\/yoast.com\/product\/yoast-seo-wordpress\/ -->\n<title>Cadillac XT6 noire | Limousine Charles<\/title>\n<meta name=\"description\" content=\"Vivez un luxe in\u00e9gal\u00e9 avec la Cadillac XT6 noire chez Charles Limousine, o\u00f9 l&#039;\u00e9l\u00e9gance rencontre le confort. Faites de votre voyage un moment m\u00e9morable.\" \/>\n<meta name=\"robots\" content=\"index, follow, max-snippet:-1, max-image-preview:large, max-video-preview:-1\" \/>\n<link rel=\"canonical\" href=\"https:\/\/charleslimousine.com\/fr\/limousines\/2022-black-cadillac-xt6\/\" \/>\n<meta property=\"og:locale\" content=\"fr_CA\" \/>\n<meta property=\"og:type\" content=\"article\" \/>\n<meta property=\"og:title\" content=\"Cadillac XT6 noire | Limousine Charles\" \/>\n<meta property=\"og:description\" content=\"Vivez un luxe in\u00e9gal\u00e9 avec la Cadillac XT6 noire chez Charles Limousine, o\u00f9 l&#039;\u00e9l\u00e9gance rencontre le confort. Faites de votre voyage un moment m\u00e9morable.\" \/>\n<meta property=\"og:url\" content=\"https:\/\/charleslimousine.com\/fr\/limousines\/2022-black-cadillac-xt6\/\" \/>\n<meta property=\"og:site_name\" content=\"Limousine Charles\" \/>\n<meta property=\"article:publisher\" content=\"https:\/\/www.facebook.com\/Charles.Limousine\/\" \/>\n<meta property=\"article:modified_time\" content=\"2024-05-06T14:41:33+00:00\" \/>\n<meta property=\"og:image\" content=\"https:\/\/charleslimousine.com\/wp-content\/uploads\/2023\/02\/Untitled-design-1-1.jpg\" \/>\n\t<meta property=\"og:image:width\" content=\"860\" \/>\n\t<meta property=\"og:image:height\" content=\"692\" \/>\n\t<meta property=\"og:image:type\" content=\"image\/jpeg\" \/>\n<meta name=\"twitter:card\" content=\"summary_large_image\" \/>\n<meta name=\"twitter:label1\" content=\"Estimation du temps de lecture\" \/>\n\t<meta name=\"twitter:data1\" content=\"1 minute\" \/>\n<script type=\"application\/ld+json\" class=\"yoast-schema-graph\">{\"@context\":\"https:\\\/\\\/schema.org\",\"@graph\":[{\"@type\":\"WebPage\",\"@id\":\"https:\\\/\\\/charleslimousine.com\\\/fr\\\/limousines\\\/2022-black-cadillac-xt6\\\/\",\"url\":\"https:\\\/\\\/charleslimousine.com\\\/fr\\\/limousines\\\/2022-black-cadillac-xt6\\\/\",\"name\":\"Cadillac XT6 noire | Limousine Charles\",\"isPartOf\":{\"@id\":\"https:\\\/\\\/charleslimousine.com\\\/fr\\\/#website\"},\"primaryImageOfPage\":{\"@id\":\"https:\\\/\\\/charleslimousine.com\\\/fr\\\/limousines\\\/2022-black-cadillac-xt6\\\/#primaryimage\"},\"image\":{\"@id\":\"https:\\\/\\\/charleslimousine.com\\\/fr\\\/limousines\\\/2022-black-cadillac-xt6\\\/#primaryimage\"},\"thumbnailUrl\":\"https:\\\/\\\/charleslimousine.com\\\/wp-content\\\/uploads\\\/2023\\\/02\\\/Untitled-design-1-1.jpg\",\"datePublished\":\"2023-02-08T13:23:00+00:00\",\"dateModified\":\"2024-05-06T14:41:33+00:00\",\"description\":\"Vivez un luxe in\u00e9gal\u00e9 avec la Cadillac XT6 noire chez Charles Limousine, o\u00f9 l'\u00e9l\u00e9gance rencontre le confort. Faites de votre voyage un moment m\u00e9morable.\",\"breadcrumb\":{\"@id\":\"https:\\\/\\\/charleslimousine.com\\\/fr\\\/limousines\\\/2022-black-cadillac-xt6\\\/#breadcrumb\"},\"inLanguage\":\"fr-CA\",\"potentialAction\":[{\"@type\":\"ReadAction\",\"target\":[\"https:\\\/\\\/charleslimousine.com\\\/fr\\\/limousines\\\/2022-black-cadillac-xt6\\\/\"]}]},{\"@type\":\"ImageObject\",\"inLanguage\":\"fr-CA\",\"@id\":\"https:\\\/\\\/charleslimousine.com\\\/fr\\\/limousines\\\/2022-black-cadillac-xt6\\\/#primaryimage\",\"url\":\"https:\\\/\\\/charleslimousine.com\\\/wp-content\\\/uploads\\\/2023\\\/02\\\/Untitled-design-1-1.jpg\",\"contentUrl\":\"https:\\\/\\\/charleslimousine.com\\\/wp-content\\\/uploads\\\/2023\\\/02\\\/Untitled-design-1-1.jpg\",\"width\":860,\"height\":692,\"caption\":\"2022 Black Cadillac XT6\"},{\"@type\":\"BreadcrumbList\",\"@id\":\"https:\\\/\\\/charleslimousine.com\\\/fr\\\/limousines\\\/2022-black-cadillac-xt6\\\/#breadcrumb\",\"itemListElement\":[{\"@type\":\"ListItem\",\"position\":1,\"name\":\"Home\",\"item\":\"https:\\\/\\\/charleslimousine.com\\\/fr\\\/\"},{\"@type\":\"ListItem\",\"position\":2,\"name\":\"Limousines A\u00e9roport, Laval &#038; Montr\u00e9al\",\"item\":\"https:\\\/\\\/charleslimousine.com\\\/fr\\\/limousines\\\/\"},{\"@type\":\"ListItem\",\"position\":3,\"name\":\"Cadillac XT6 noire\"}]},{\"@type\":\"WebSite\",\"@id\":\"https:\\\/\\\/charleslimousine.com\\\/fr\\\/#website\",\"url\":\"https:\\\/\\\/charleslimousine.com\\\/fr\\\/\",\"name\":\"Limousine Charles\",\"description\":\"Montreal Limo Service\",\"potentialAction\":[{\"@type\":\"SearchAction\",\"target\":{\"@type\":\"EntryPoint\",\"urlTemplate\":\"https:\\\/\\\/charleslimousine.com\\\/fr\\\/?s={search_term_string}\"},\"query-input\":{\"@type\":\"PropertyValueSpecification\",\"valueRequired\":true,\"valueName\":\"search_term_string\"}}],\"inLanguage\":\"fr-CA\"}]}<\/script>\n<!-- \/ Yoast SEO plugin. -->","yoast_head_json":{"title":"Cadillac XT6 noire | Limousine Charles","description":"Vivez un luxe in\u00e9gal\u00e9 avec la Cadillac XT6 noire chez Charles Limousine, o\u00f9 l'\u00e9l\u00e9gance rencontre le confort. Faites de votre voyage un moment m\u00e9morable.","robots":{"index":"index","follow":"follow","max-snippet":"max-snippet:-1","max-image-preview":"max-image-preview:large","max-video-preview":"max-video-preview:-1"},"canonical":"https:\/\/charleslimousine.com\/fr\/limousines\/2022-black-cadillac-xt6\/","og_locale":"fr_CA","og_type":"article","og_title":"Cadillac XT6 noire | Limousine Charles","og_description":"Vivez un luxe in\u00e9gal\u00e9 avec la Cadillac XT6 noire chez Charles Limousine, o\u00f9 l'\u00e9l\u00e9gance rencontre le confort. Faites de votre voyage un moment m\u00e9morable.","og_url":"https:\/\/charleslimousine.com\/fr\/limousines\/2022-black-cadillac-xt6\/","og_site_name":"Limousine Charles","article_publisher":"https:\/\/www.facebook.com\/Charles.Limousine\/","article_modified_time":"2024-05-06T14:41:33+00:00","og_image":[{"width":860,"height":692,"url":"https:\/\/charleslimousine.com\/wp-content\/uploads\/2023\/02\/Untitled-design-1-1.jpg","type":"image\/jpeg"}],"twitter_card":"summary_large_image","twitter_misc":{"Estimation du temps de lecture":"1 minute"},"schema":{"@context":"https:\/\/schema.org","@graph":[{"@type":"WebPage","@id":"https:\/\/charleslimousine.com\/fr\/limousines\/2022-black-cadillac-xt6\/","url":"https:\/\/charleslimousine.com\/fr\/limousines\/2022-black-cadillac-xt6\/","name":"Cadillac XT6 noire | Limousine Charles","isPartOf":{"@id":"https:\/\/charleslimousine.com\/fr\/#website"},"primaryImageOfPage":{"@id":"https:\/\/charleslimousine.com\/fr\/limousines\/2022-black-cadillac-xt6\/#primaryimage"},"image":{"@id":"https:\/\/charleslimousine.com\/fr\/limousines\/2022-black-cadillac-xt6\/#primaryimage"},"thumbnailUrl":"https:\/\/charleslimousine.com\/wp-content\/uploads\/2023\/02\/Untitled-design-1-1.jpg","datePublished":"2023-02-08T13:23:00+00:00","dateModified":"2024-05-06T14:41:33+00:00","description":"Vivez un luxe in\u00e9gal\u00e9 avec la Cadillac XT6 noire chez Charles Limousine, o\u00f9 l'\u00e9l\u00e9gance rencontre le confort. Faites de votre voyage un moment m\u00e9morable.","breadcrumb":{"@id":"https:\/\/charleslimousine.com\/fr\/limousines\/2022-black-cadillac-xt6\/#breadcrumb"},"inLanguage":"fr-CA","potentialAction":[{"@type":"ReadAction","target":["https:\/\/charleslimousine.com\/fr\/limousines\/2022-black-cadillac-xt6\/"]}]},{"@type":"ImageObject","inLanguage":"fr-CA","@id":"https:\/\/charleslimousine.com\/fr\/limousines\/2022-black-cadillac-xt6\/#primaryimage","url":"https:\/\/charleslimousine.com\/wp-content\/uploads\/2023\/02\/Untitled-design-1-1.jpg","contentUrl":"https:\/\/charleslimousine.com\/wp-content\/uploads\/2023\/02\/Untitled-design-1-1.jpg","width":860,"height":692,"caption":"2022 Black Cadillac XT6"},{"@type":"BreadcrumbList","@id":"https:\/\/charleslimousine.com\/fr\/limousines\/2022-black-cadillac-xt6\/#breadcrumb","itemListElement":[{"@type":"ListItem","position":1,"name":"Home","item":"https:\/\/charleslimousine.com\/fr\/"},{"@type":"ListItem","position":2,"name":"Limousines A\u00e9roport, Laval &#038; Montr\u00e9al","item":"https:\/\/charleslimousine.com\/fr\/limousines\/"},{"@type":"ListItem","position":3,"name":"Cadillac XT6 noire"}]},{"@type":"WebSite","@id":"https:\/\/charleslimousine.com\/fr\/#website","url":"https:\/\/charleslimousine.com\/fr\/","name":"Limousine Charles","description":"Montreal Limo Service","potentialAction":[{"@type":"SearchAction","target":{"@type":"EntryPoint","urlTemplate":"https:\/\/charleslimousine.com\/fr\/?s={search_term_string}"},"query-input":{"@type":"PropertyValueSpecification","valueRequired":true,"valueName":"search_term_string"}}],"inLanguage":"fr-CA"}]}},"_links":{"self":[{"href":"https:\/\/charleslimousine.com\/fr\/wp-json\/wp\/v2\/product\/7712","targetHints":{"allow":["GET"]}}],"collection":[{"href":"https:\/\/charleslimousine.com\/fr\/wp-json\/wp\/v2\/product"}],"about":[{"href":"https:\/\/charleslimousine.com\/fr\/wp-json\/wp\/v2\/types\/product"}],"wp:featuredmedia":[{"embeddable":true,"href":"https:\/\/charleslimousine.com\/fr\/wp-json\/wp\/v2\/media\/7734"}],"wp:attachment":[{"href":"https:\/\/charleslimousine.com\/fr\/wp-json\/wp\/v2\/media?parent=7712"}],"wp:term":[{"taxonomy":"product_brand","embeddable":true,"href":"https:\/\/charleslimousine.com\/fr\/wp-json\/wp\/v2\/product_brand?post=7712"},{"taxonomy":"product_cat","embeddable":true,"href":"https:\/\/charleslimousine.com\/fr\/wp-json\/wp\/v2\/product_cat?post=7712"},{"taxonomy":"product_tag","embeddable":true,"href":"https:\/\/charleslimousine.com\/fr\/wp-json\/wp\/v2\/product_tag?post=7712"}],"curies":[{"name":"wp","href":"https:\/\/api.w.org\/{rel}","templated":true}]}}