{"id":7718,"date":"2023-02-07T15:34:35","date_gmt":"2023-02-07T20:34:35","guid":{"rendered":"https:\/\/charleslimo.bluehat.hosting\/limousines\/2022-black-lincoln-navigator-l\/"},"modified":"2024-09-18T11:34:00","modified_gmt":"2024-09-18T15:34:00","slug":"2022-black-lincoln-navigator-l","status":"publish","type":"product","link":"https:\/\/charleslimousine.com\/fr\/limousines\/2022-black-lincoln-navigator-l\/","title":{"rendered":"Lincoln Navigator L"},"content":{"rendered":"<h3><span style=\"font-weight: 400;\">Le luxe rencontre la praticit\u00e9 : des fonctionnalit\u00e9s con\u00e7ues pour les services de chauffeur<\/span><\/h3>\n<p><span style=\"font-weight: 400;\">Le Lincoln Navigator 2024 ne fait pas que transporter\u2014il am\u00e9liore chaque trajet. Son int\u00e9rieur spacieux, avec des si\u00e8ges pour jusqu\u2019\u00e0 sept personnes, assure que m\u00eame les groupes plus nombreux voyagent confortablement. Les passagers b\u00e9n\u00e9ficient de si\u00e8ges ajustables \u00e9lectriquement, chauffants et ventil\u00e9s, parfaits pour les hivers rigoureux de Montr\u00e9al. Le syst\u00e8me de divertissement disponible pour les si\u00e8ges arri\u00e8re et le chargeur sans fil de s\u00e9rie divertissent les invit\u00e9s lors des longs trajets, tandis que le contr\u00f4le de la temp\u00e9rature \u00e0 trois zones permet \u00e0 chaque rang\u00e9e de profiter d\u2019un confort personnalis\u00e9.<\/span><\/p>\n<p><span style=\"font-weight: 400;\">En plus du luxe, la s\u00e9curit\u00e9 est une priorit\u00e9. Le Navigator L est \u00e9quip\u00e9 de Lincoln Co-Pilot360\u2122, un ensemble de technologies avanc\u00e9es incluant le r\u00e9gulateur de vitesse intelligent, l\u2019assistance au maintien de voie et une cam\u00e9ra \u00e0 360 degr\u00e9s. Ces technologies garantissent non seulement la s\u00e9curit\u00e9 des passagers, mais elles renforcent aussi l\u2019engagement de Charles Limousine \u00e0 offrir une exp\u00e9rience de transport fluide et s\u00e9curitaire.<\/span><\/p>\n<p><span style=\"font-weight: 400;\">Ajoutez \u00e0 cela l\u2019int\u00e9rieur silencieux, gr\u00e2ce au contr\u00f4le actif du bruit, et le Navigator L devient le choix id\u00e9al pour les transferts ex\u00e9cutifs, les trajets vers l\u2019a\u00e9roport ou les \u00e9v\u00e9nements sp\u00e9ciaux o\u00f9 la relaxation et la discr\u00e9tion sont essentielles. Avec son grand espace de coffre, il est aussi parfait pour les clients voyageant avec beaucoup de bagages, faisant de Charles Limousine l\u2019option de premier choix pour des transferts \u00e9l\u00e9gants et sans souci.<\/span><\/p>\n<p><span style=\"font-weight: 400;\">Des finitions luxueuses aux technologies de pointe, le Lincoln Navigator L garantit que chaque trajet avec Charles Limousine soit une exp\u00e9rience de premi\u00e8re classe.<\/span><\/p>\n","protected":false},"excerpt":{"rendered":"[fusion_builder_container type=\"flex\" hundred_percent=\"no\" equal_height_columns=\"no\" menu_anchor=\"\" hide_on_mobile=\"small-visibility,medium-visibility,large-visibility\" class=\"\" id=\"\" background_color=\"\" background_image=\"\" background_position=\"center center\" background_repeat=\"no-repeat\" fade=\"no\" background_parallax=\"none\" parallax_speed=\"0.3\" video_mp4=\"\" video_webm=\"\" video_ogv=\"\" video_url=\"\" video_aspect_ratio=\"16:9\" video_loop=\"yes\" video_mute=\"yes\" overlay_color=\"\" video_preview_image=\"\" border_color=\"\" border_style=\"solid\" padding_top=\"\" padding_bottom=\"\" padding_left=\"0\" padding_right=\"\"][fusion_builder_row][fusion_builder_column type=\"1_1\" layout=\"1_1\" background_position=\"left top\" background_color=\"\" border_color=\"\" border_style=\"solid\" border_position=\"all\" spacing=\"yes\" background_image=\"\" background_repeat=\"no-repeat\" padding_top=\"\" padding_right=\"\" padding_bottom=\"\" padding_left=\"\" margin_top=\"0px\" margin_bottom=\"0px\" class=\"\" id=\"\" animation_type=\"\" animation_speed=\"0.3\" animation_direction=\"left\" hide_on_mobile=\"small-visibility,medium-visibility,large-visibility\" center_content=\"no\" last=\"true\" min_height=\"\" hover_type=\"none\" link=\"\" border_sizes_top=\"\" border_sizes_bottom=\"\" border_sizes_left=\"\" border_sizes_right=\"\" first=\"true\"][fusion_text columns=\"\" rule_style=\"default\" rule_size=\"\" animation_direction=\"left\" animation_speed=\"0.3\" hide_on_mobile=\"small-visibility,medium-visibility,large-visibility\" sticky_display=\"normal,sticky\" margin_bottom=\"40px\"]Le Lincoln Navigator L, avec son design audacieux et son espace luxueux, est le v\u00e9hicule id\u00e9al pour les services de chauffeur de prestige. Gr\u00e2ce \u00e0 sa pr\u00e9sence imposante et son souci du d\u00e9tail, ce VUS offre suffisamment d\u2019espace pour les passagers et les bagages, tout en garantissant une conduite en douceur et silencieuse. Ses caract\u00e9ristiques de s\u00e9curit\u00e9 et de confort avanc\u00e9es en font un m\u00e9lange parfait d\u2019\u00e9l\u00e9gance et de fiabilit\u00e9. Chez Charles Limousine, le Navigator L refl\u00e8te notre engagement \u00e0 offrir un confort exceptionnel, une sophistication hors pair et un service de premier plan \u00e0 chacun de nos clients.[\/fusion_text][fusion_button link=\"\/fr\/reservation\/\" title=\"\" target=\"_self\" link_attributes=\"\" alignment_medium=\"\" alignment_small=\"\" alignment=\"\" modal=\"\" hide_on_mobile=\"small-visibility,medium-visibility,large-visibility\" sticky_display=\"normal,sticky\" class=\"\" id=\"\" color=\"custom\" button_gradient_top_color=\"var(--awb-color5)\" hue=\"\" saturation=\"\" lightness=\"\" alpha=\"\" button_gradient_bottom_color=\"var(--awb-color5)\" button_gradient_top_color_hover=\"var(--awb-color7)\" button_gradient_bottom_color_hover=\"var(--awb-color7)\" gradient_start_position=\"\" gradient_end_position=\"\" gradient_type=\"\" radial_direction=\"\" linear_angle=\"180\" accent_color=\"\" accent_hover_color=\"\" type=\"\" bevel_color=\"\" bevel_color_hover=\"\" border_top=\"1px\" border_right=\"1px\" border_bottom=\"1px\" border_left=\"1px\" border_radius_top_left=\"\" border_radius_top_right=\"\" border_radius_bottom_right=\"\" border_radius_bottom_left=\"\" border_color=\"var(--awb-color5)\" border_hover_color=\"var(--awb-color7)\" size=\"\" padding_top=\"\" padding_right=\"\" padding_bottom=\"\" padding_left=\"\" fusion_font_family_button_font=\"var(--awb-typography3-font-family)\" fusion_font_variant_button_font=\"var(--awb-typography3)\" font_size=\"var(--awb-typography3-font-size)\" line_height=\"var(--awb-typography3-line-height)\" letter_spacing=\"var(--awb-typography3-letter-spacing)\" text_transform=\"uppercase\" stretch=\"default\" margin_top=\"20px\" margin_right=\"20px\" margin_bottom=\"\" margin_left=\"\" icon=\"\" icon_position=\"left\" icon_divider=\"no\" hover_transition=\"none\" animation_type=\"\" animation_direction=\"left\" animation_color=\"\" animation_speed=\"0.3\" animation_delay=\"0\" animation_offset=\"\"]CONTACTEZ-NOUS[\/fusion_button][\/fusion_builder_column][\/fusion_builder_row][\/fusion_builder_container]\n","protected":false},"featured_media":4330,"template":"","meta":[],"product_brand":[],"product_cat":[526,547],"product_tag":[532,539],"class_list":{"0":"post-7718","1":"product","2":"type-product","3":"status-publish","4":"has-post-thumbnail","6":"product_cat-charles-limousine-flotte-montreal","7":"product_cat-model-lincoln-fr","8":"product_tag-2022-fr","9":"product_tag-navigator-fr","10":"pa_color-noire","12":"first","13":"instock","14":"shipping-taxable","15":"purchasable","16":"product-type-simple"},"yoast_head":"<!-- This site is optimized with the Yoast SEO plugin v27.3 - https:\/\/yoast.com\/product\/yoast-seo-wordpress\/ -->\n<title>Lincoln Navigator L | Limousine Charles<\/title>\n<meta name=\"robots\" content=\"index, follow, max-snippet:-1, max-image-preview:large, max-video-preview:-1\" \/>\n<link rel=\"canonical\" href=\"https:\/\/charleslimousine.com\/fr\/limousines\/2022-black-lincoln-navigator-l\/\" \/>\n<meta property=\"og:locale\" content=\"fr_CA\" \/>\n<meta property=\"og:type\" content=\"article\" \/>\n<meta property=\"og:title\" content=\"Lincoln Navigator L | Limousine Charles\" \/>\n<meta property=\"og:url\" content=\"https:\/\/charleslimousine.com\/fr\/limousines\/2022-black-lincoln-navigator-l\/\" \/>\n<meta property=\"og:site_name\" content=\"Limousine Charles\" \/>\n<meta property=\"article:publisher\" content=\"https:\/\/www.facebook.com\/Charles.Limousine\/\" \/>\n<meta property=\"article:modified_time\" content=\"2024-09-18T15:34:00+00:00\" \/>\n<meta property=\"og:image\" content=\"https:\/\/charleslimousine.com\/wp-content\/uploads\/2023\/02\/2021LincolnNavigator_l_2-1.jpg\" \/>\n\t<meta property=\"og:image:width\" content=\"860\" \/>\n\t<meta property=\"og:image:height\" content=\"692\" \/>\n\t<meta property=\"og:image:type\" content=\"image\/jpeg\" \/>\n<meta name=\"twitter:card\" content=\"summary_large_image\" \/>\n<meta name=\"twitter:description\" content=\"[fusion_builder_container type=&quot;flex&quot; hundred_percent=&quot;no&quot; equal_height_columns=&quot;no&quot; menu_anchor=&quot;&quot; hide_on_mobile=&quot;small-visibility,medium-visibility,large-visibility&quot; class=&quot;&quot; id=&quot;&quot; background_color=&quot;&quot; background_image=&quot;&quot; background_position=&quot;center center&quot; background_repeat=&quot;no-repeat&quot; fade=&quot;no&quot; background_parallax=&quot;none&quot; parallax_speed=&quot;0.3&quot; video_mp4=&quot;&quot; video_webm=&quot;&quot; video_ogv=&quot;&quot; video_url=&quot;&quot; video_aspect_ratio=&quot;16:9&quot; video_loop=&quot;yes&quot; video_mute=&quot;yes&quot; overlay_color=&quot;&quot; video_preview_image=&quot;&quot; border_color=&quot;&quot; border_style=&quot;solid&quot; padding_top=&quot;&quot; padding_bottom=&quot;&quot; padding_left=&quot;0&quot; padding_right=&quot;&quot;][fusion_builder_row][fusion_builder_column type=&quot;1_1&quot; layout=&quot;1_1&quot; background_position=&quot;left top&quot; background_color=&quot;&quot; border_color=&quot;&quot; border_style=&quot;solid&quot; border_position=&quot;all&quot; spacing=&quot;yes&quot; background_image=&quot;&quot; background_repeat=&quot;no-repeat&quot; padding_top=&quot;&quot; padding_right=&quot;&quot; padding_bottom=&quot;&quot; padding_left=&quot;&quot; margin_top=&quot;0px&quot; margin_bottom=&quot;0px&quot; class=&quot;&quot; id=&quot;&quot; animation_type=&quot;&quot; animation_speed=&quot;0.3&quot; animation_direction=&quot;left&quot; hide_on_mobile=&quot;small-visibility,medium-visibility,large-visibility&quot; center_content=&quot;no&quot; last=&quot;true&quot; min_height=&quot;&quot; hover_type=&quot;none&quot; link=&quot;&quot; border_sizes_top=&quot;&quot; border_sizes_bottom=&quot;&quot; border_sizes_left=&quot;&quot; border_sizes_right=&quot;&quot; first=&quot;true&quot;][fusion_text columns=&quot;&quot; rule_style=&quot;default&quot; rule_size=&quot;&quot; animation_direction=&quot;left&quot; animation_speed=&quot;0.3&quot; hide_on_mobile=&quot;small-visibility,medium-visibility,large-visibility&quot; sticky_display=&quot;normal,sticky&quot; margin_bottom=&quot;40px&quot;]Le Lincoln Navigator L, avec son design audacieux et son espace luxueux, est le v\u00e9hicule id\u00e9al pour les services de chauffeur de prestige. Gr\u00e2ce \u00e0 sa pr\u00e9sence imposante et son souci du d\u00e9tail, ce VUS offre suffisamment d\u2019espace pour les passagers et les bagages, tout en garantissant une conduite en douceur et silencieuse. Ses caract\u00e9ristiques de s\u00e9curit\u00e9 et de confort avanc\u00e9es en font un m\u00e9lange parfait d\u2019\u00e9l\u00e9gance et de fiabilit\u00e9. Chez Charles Limousine, le Navigator L refl\u00e8te notre engagement \u00e0 offrir un confort exceptionnel, une sophistication hors pair et un service de premier plan \u00e0 chacun de nos clients.[\/fusion_text][fusion_button link=&quot;\/fr\/reservation\/&quot; title=&quot;&quot; target=&quot;_self&quot; link_attributes=&quot;&quot; alignment_medium=&quot;&quot; alignment_small=&quot;&quot; alignment=&quot;&quot; modal=&quot;&quot; hide_on_mobile=&quot;small-visibility,medium-visibility,large-visibility&quot; sticky_display=&quot;normal,sticky&quot; class=&quot;&quot; id=&quot;&quot; color=&quot;custom&quot; button_gradient_top_color=&quot;var(--awb-color5)&quot; hue=&quot;&quot; saturation=&quot;&quot; lightness=&quot;&quot; alpha=&quot;&quot; button_gradient_bottom_color=&quot;var(--awb-color5)&quot; button_gradient_top_color_hover=&quot;var(--awb-color7)&quot; button_gradient_bottom_color_hover=&quot;var(--awb-color7)&quot; gradient_start_position=&quot;&quot; gradient_end_position=&quot;&quot; gradient_type=&quot;&quot; radial_direction=&quot;&quot; linear_angle=&quot;180&quot; accent_color=&quot;&quot; accent_hover_color=&quot;&quot; type=&quot;&quot; bevel_color=&quot;&quot; bevel_color_hover=&quot;&quot; border_top=&quot;1px&quot; border_right=&quot;1px&quot; border_bottom=&quot;1px&quot; border_left=&quot;1px&quot; border_radius_top_left=&quot;&quot; border_radius_top_right=&quot;&quot; border_radius_bottom_right=&quot;&quot; border_radius_bottom_left=&quot;&quot; border_color=&quot;var(--awb-color5)&quot; border_hover_color=&quot;var(--awb-color7)&quot; size=&quot;&quot; padding_top=&quot;&quot; padding_right=&quot;&quot; padding_bottom=&quot;&quot; padding_left=&quot;&quot; fusion_font_family_button_font=&quot;var(--awb-typography3-font-family)&quot; fusion_font_variant_button_font=&quot;var(--awb-typography3)&quot; font_size=&quot;var(--awb-typography3-font-size)&quot; line_height=&quot;var(--awb-typography3-line-height)&quot; letter_spacing=&quot;var(--awb-typography3-letter-spacing)&quot; text_transform=&quot;uppercase&quot; stretch=&quot;default&quot; margin_top=&quot;20px&quot; margin_right=&quot;20px&quot; margin_bottom=&quot;&quot; margin_left=&quot;&quot; icon=&quot;&quot; icon_position=&quot;left&quot; icon_divider=&quot;no&quot; hover_transition=&quot;none&quot; animation_type=&quot;&quot; animation_direction=&quot;left&quot; animation_color=&quot;&quot; animation_speed=&quot;0.3&quot; animation_delay=&quot;0&quot; animation_offset=&quot;&quot;]CONTACTEZ-NOUS[\/fusion_button][\/fusion_builder_column][\/fusion_builder_row][\/fusion_builder_container]\" \/>\n<meta name=\"twitter:label1\" content=\"Estimation du temps de lecture\" \/>\n\t<meta name=\"twitter:data1\" content=\"1 minute\" \/>\n<script type=\"application\/ld+json\" class=\"yoast-schema-graph\">{\"@context\":\"https:\\\/\\\/schema.org\",\"@graph\":[{\"@type\":\"WebPage\",\"@id\":\"https:\\\/\\\/charleslimousine.com\\\/fr\\\/limousines\\\/2022-black-lincoln-navigator-l\\\/\",\"url\":\"https:\\\/\\\/charleslimousine.com\\\/fr\\\/limousines\\\/2022-black-lincoln-navigator-l\\\/\",\"name\":\"Lincoln Navigator L | Limousine Charles\",\"isPartOf\":{\"@id\":\"https:\\\/\\\/charleslimousine.com\\\/fr\\\/#website\"},\"primaryImageOfPage\":{\"@id\":\"https:\\\/\\\/charleslimousine.com\\\/fr\\\/limousines\\\/2022-black-lincoln-navigator-l\\\/#primaryimage\"},\"image\":{\"@id\":\"https:\\\/\\\/charleslimousine.com\\\/fr\\\/limousines\\\/2022-black-lincoln-navigator-l\\\/#primaryimage\"},\"thumbnailUrl\":\"https:\\\/\\\/charleslimousine.com\\\/wp-content\\\/uploads\\\/2023\\\/02\\\/2021LincolnNavigator_l_2-1.jpg\",\"datePublished\":\"2023-02-07T20:34:35+00:00\",\"dateModified\":\"2024-09-18T15:34:00+00:00\",\"breadcrumb\":{\"@id\":\"https:\\\/\\\/charleslimousine.com\\\/fr\\\/limousines\\\/2022-black-lincoln-navigator-l\\\/#breadcrumb\"},\"inLanguage\":\"fr-CA\",\"potentialAction\":[{\"@type\":\"ReadAction\",\"target\":[\"https:\\\/\\\/charleslimousine.com\\\/fr\\\/limousines\\\/2022-black-lincoln-navigator-l\\\/\"]}]},{\"@type\":\"ImageObject\",\"inLanguage\":\"fr-CA\",\"@id\":\"https:\\\/\\\/charleslimousine.com\\\/fr\\\/limousines\\\/2022-black-lincoln-navigator-l\\\/#primaryimage\",\"url\":\"https:\\\/\\\/charleslimousine.com\\\/wp-content\\\/uploads\\\/2023\\\/02\\\/2021LincolnNavigator_l_2-1.jpg\",\"contentUrl\":\"https:\\\/\\\/charleslimousine.com\\\/wp-content\\\/uploads\\\/2023\\\/02\\\/2021LincolnNavigator_l_2-1.jpg\",\"width\":860,\"height\":692,\"caption\":\"Lincoln Navigator\"},{\"@type\":\"BreadcrumbList\",\"@id\":\"https:\\\/\\\/charleslimousine.com\\\/fr\\\/limousines\\\/2022-black-lincoln-navigator-l\\\/#breadcrumb\",\"itemListElement\":[{\"@type\":\"ListItem\",\"position\":1,\"name\":\"Home\",\"item\":\"https:\\\/\\\/charleslimousine.com\\\/fr\\\/\"},{\"@type\":\"ListItem\",\"position\":2,\"name\":\"Limousines A\u00e9roport, Laval &#038; Montr\u00e9al\",\"item\":\"https:\\\/\\\/charleslimousine.com\\\/fr\\\/limousines\\\/\"},{\"@type\":\"ListItem\",\"position\":3,\"name\":\"Lincoln Navigator L\"}]},{\"@type\":\"WebSite\",\"@id\":\"https:\\\/\\\/charleslimousine.com\\\/fr\\\/#website\",\"url\":\"https:\\\/\\\/charleslimousine.com\\\/fr\\\/\",\"name\":\"Limousine Charles\",\"description\":\"Montreal Limo Service\",\"potentialAction\":[{\"@type\":\"SearchAction\",\"target\":{\"@type\":\"EntryPoint\",\"urlTemplate\":\"https:\\\/\\\/charleslimousine.com\\\/fr\\\/?s={search_term_string}\"},\"query-input\":{\"@type\":\"PropertyValueSpecification\",\"valueRequired\":true,\"valueName\":\"search_term_string\"}}],\"inLanguage\":\"fr-CA\"}]}<\/script>\n<!-- \/ Yoast SEO plugin. -->","yoast_head_json":{"title":"Lincoln Navigator L | Limousine Charles","robots":{"index":"index","follow":"follow","max-snippet":"max-snippet:-1","max-image-preview":"max-image-preview:large","max-video-preview":"max-video-preview:-1"},"canonical":"https:\/\/charleslimousine.com\/fr\/limousines\/2022-black-lincoln-navigator-l\/","og_locale":"fr_CA","og_type":"article","og_title":"Lincoln Navigator L | Limousine Charles","og_url":"https:\/\/charleslimousine.com\/fr\/limousines\/2022-black-lincoln-navigator-l\/","og_site_name":"Limousine Charles","article_publisher":"https:\/\/www.facebook.com\/Charles.Limousine\/","article_modified_time":"2024-09-18T15:34:00+00:00","og_image":[{"width":860,"height":692,"url":"https:\/\/charleslimousine.com\/wp-content\/uploads\/2023\/02\/2021LincolnNavigator_l_2-1.jpg","type":"image\/jpeg"}],"twitter_card":"summary_large_image","twitter_description":"[fusion_builder_container type=\"flex\" hundred_percent=\"no\" equal_height_columns=\"no\" menu_anchor=\"\" hide_on_mobile=\"small-visibility,medium-visibility,large-visibility\" class=\"\" id=\"\" background_color=\"\" background_image=\"\" background_position=\"center center\" background_repeat=\"no-repeat\" fade=\"no\" background_parallax=\"none\" parallax_speed=\"0.3\" video_mp4=\"\" video_webm=\"\" video_ogv=\"\" video_url=\"\" video_aspect_ratio=\"16:9\" video_loop=\"yes\" video_mute=\"yes\" overlay_color=\"\" video_preview_image=\"\" border_color=\"\" border_style=\"solid\" padding_top=\"\" padding_bottom=\"\" padding_left=\"0\" padding_right=\"\"][fusion_builder_row][fusion_builder_column type=\"1_1\" layout=\"1_1\" background_position=\"left top\" background_color=\"\" border_color=\"\" border_style=\"solid\" border_position=\"all\" spacing=\"yes\" background_image=\"\" background_repeat=\"no-repeat\" padding_top=\"\" padding_right=\"\" padding_bottom=\"\" padding_left=\"\" margin_top=\"0px\" margin_bottom=\"0px\" class=\"\" id=\"\" animation_type=\"\" animation_speed=\"0.3\" animation_direction=\"left\" hide_on_mobile=\"small-visibility,medium-visibility,large-visibility\" center_content=\"no\" last=\"true\" min_height=\"\" hover_type=\"none\" link=\"\" border_sizes_top=\"\" border_sizes_bottom=\"\" border_sizes_left=\"\" border_sizes_right=\"\" first=\"true\"][fusion_text columns=\"\" rule_style=\"default\" rule_size=\"\" animation_direction=\"left\" animation_speed=\"0.3\" hide_on_mobile=\"small-visibility,medium-visibility,large-visibility\" sticky_display=\"normal,sticky\" margin_bottom=\"40px\"]Le Lincoln Navigator L, avec son design audacieux et son espace luxueux, est le v\u00e9hicule id\u00e9al pour les services de chauffeur de prestige. Gr\u00e2ce \u00e0 sa pr\u00e9sence imposante et son souci du d\u00e9tail, ce VUS offre suffisamment d\u2019espace pour les passagers et les bagages, tout en garantissant une conduite en douceur et silencieuse. Ses caract\u00e9ristiques de s\u00e9curit\u00e9 et de confort avanc\u00e9es en font un m\u00e9lange parfait d\u2019\u00e9l\u00e9gance et de fiabilit\u00e9. Chez Charles Limousine, le Navigator L refl\u00e8te notre engagement \u00e0 offrir un confort exceptionnel, une sophistication hors pair et un service de premier plan \u00e0 chacun de nos clients.[\/fusion_text][fusion_button link=\"\/fr\/reservation\/\" title=\"\" target=\"_self\" link_attributes=\"\" alignment_medium=\"\" alignment_small=\"\" alignment=\"\" modal=\"\" hide_on_mobile=\"small-visibility,medium-visibility,large-visibility\" sticky_display=\"normal,sticky\" class=\"\" id=\"\" color=\"custom\" button_gradient_top_color=\"var(--awb-color5)\" hue=\"\" saturation=\"\" lightness=\"\" alpha=\"\" button_gradient_bottom_color=\"var(--awb-color5)\" button_gradient_top_color_hover=\"var(--awb-color7)\" button_gradient_bottom_color_hover=\"var(--awb-color7)\" gradient_start_position=\"\" gradient_end_position=\"\" gradient_type=\"\" radial_direction=\"\" linear_angle=\"180\" accent_color=\"\" accent_hover_color=\"\" type=\"\" bevel_color=\"\" bevel_color_hover=\"\" border_top=\"1px\" border_right=\"1px\" border_bottom=\"1px\" border_left=\"1px\" border_radius_top_left=\"\" border_radius_top_right=\"\" border_radius_bottom_right=\"\" border_radius_bottom_left=\"\" border_color=\"var(--awb-color5)\" border_hover_color=\"var(--awb-color7)\" size=\"\" padding_top=\"\" padding_right=\"\" padding_bottom=\"\" padding_left=\"\" fusion_font_family_button_font=\"var(--awb-typography3-font-family)\" fusion_font_variant_button_font=\"var(--awb-typography3)\" font_size=\"var(--awb-typography3-font-size)\" line_height=\"var(--awb-typography3-line-height)\" letter_spacing=\"var(--awb-typography3-letter-spacing)\" text_transform=\"uppercase\" stretch=\"default\" margin_top=\"20px\" margin_right=\"20px\" margin_bottom=\"\" margin_left=\"\" icon=\"\" icon_position=\"left\" icon_divider=\"no\" hover_transition=\"none\" animation_type=\"\" animation_direction=\"left\" animation_color=\"\" animation_speed=\"0.3\" animation_delay=\"0\" animation_offset=\"\"]CONTACTEZ-NOUS[\/fusion_button][\/fusion_builder_column][\/fusion_builder_row][\/fusion_builder_container]","twitter_misc":{"Estimation du temps de lecture":"1 minute"},"schema":{"@context":"https:\/\/schema.org","@graph":[{"@type":"WebPage","@id":"https:\/\/charleslimousine.com\/fr\/limousines\/2022-black-lincoln-navigator-l\/","url":"https:\/\/charleslimousine.com\/fr\/limousines\/2022-black-lincoln-navigator-l\/","name":"Lincoln Navigator L | Limousine Charles","isPartOf":{"@id":"https:\/\/charleslimousine.com\/fr\/#website"},"primaryImageOfPage":{"@id":"https:\/\/charleslimousine.com\/fr\/limousines\/2022-black-lincoln-navigator-l\/#primaryimage"},"image":{"@id":"https:\/\/charleslimousine.com\/fr\/limousines\/2022-black-lincoln-navigator-l\/#primaryimage"},"thumbnailUrl":"https:\/\/charleslimousine.com\/wp-content\/uploads\/2023\/02\/2021LincolnNavigator_l_2-1.jpg","datePublished":"2023-02-07T20:34:35+00:00","dateModified":"2024-09-18T15:34:00+00:00","breadcrumb":{"@id":"https:\/\/charleslimousine.com\/fr\/limousines\/2022-black-lincoln-navigator-l\/#breadcrumb"},"inLanguage":"fr-CA","potentialAction":[{"@type":"ReadAction","target":["https:\/\/charleslimousine.com\/fr\/limousines\/2022-black-lincoln-navigator-l\/"]}]},{"@type":"ImageObject","inLanguage":"fr-CA","@id":"https:\/\/charleslimousine.com\/fr\/limousines\/2022-black-lincoln-navigator-l\/#primaryimage","url":"https:\/\/charleslimousine.com\/wp-content\/uploads\/2023\/02\/2021LincolnNavigator_l_2-1.jpg","contentUrl":"https:\/\/charleslimousine.com\/wp-content\/uploads\/2023\/02\/2021LincolnNavigator_l_2-1.jpg","width":860,"height":692,"caption":"Lincoln Navigator"},{"@type":"BreadcrumbList","@id":"https:\/\/charleslimousine.com\/fr\/limousines\/2022-black-lincoln-navigator-l\/#breadcrumb","itemListElement":[{"@type":"ListItem","position":1,"name":"Home","item":"https:\/\/charleslimousine.com\/fr\/"},{"@type":"ListItem","position":2,"name":"Limousines A\u00e9roport, Laval &#038; Montr\u00e9al","item":"https:\/\/charleslimousine.com\/fr\/limousines\/"},{"@type":"ListItem","position":3,"name":"Lincoln Navigator L"}]},{"@type":"WebSite","@id":"https:\/\/charleslimousine.com\/fr\/#website","url":"https:\/\/charleslimousine.com\/fr\/","name":"Limousine Charles","description":"Montreal Limo Service","potentialAction":[{"@type":"SearchAction","target":{"@type":"EntryPoint","urlTemplate":"https:\/\/charleslimousine.com\/fr\/?s={search_term_string}"},"query-input":{"@type":"PropertyValueSpecification","valueRequired":true,"valueName":"search_term_string"}}],"inLanguage":"fr-CA"}]}},"_links":{"self":[{"href":"https:\/\/charleslimousine.com\/fr\/wp-json\/wp\/v2\/product\/7718","targetHints":{"allow":["GET"]}}],"collection":[{"href":"https:\/\/charleslimousine.com\/fr\/wp-json\/wp\/v2\/product"}],"about":[{"href":"https:\/\/charleslimousine.com\/fr\/wp-json\/wp\/v2\/types\/product"}],"wp:featuredmedia":[{"embeddable":true,"href":"https:\/\/charleslimousine.com\/fr\/wp-json\/wp\/v2\/media\/4330"}],"wp:attachment":[{"href":"https:\/\/charleslimousine.com\/fr\/wp-json\/wp\/v2\/media?parent=7718"}],"wp:term":[{"taxonomy":"product_brand","embeddable":true,"href":"https:\/\/charleslimousine.com\/fr\/wp-json\/wp\/v2\/product_brand?post=7718"},{"taxonomy":"product_cat","embeddable":true,"href":"https:\/\/charleslimousine.com\/fr\/wp-json\/wp\/v2\/product_cat?post=7718"},{"taxonomy":"product_tag","embeddable":true,"href":"https:\/\/charleslimousine.com\/fr\/wp-json\/wp\/v2\/product_tag?post=7718"}],"curies":[{"name":"wp","href":"https:\/\/api.w.org\/{rel}","templated":true}]}}