{"id":9218,"date":"2024-10-30T10:22:22","date_gmt":"2024-10-30T14:22:22","guid":{"rendered":"https:\/\/charleslimousine.com\/?post_type=product&#038;p=9218"},"modified":"2024-11-07T10:54:05","modified_gmt":"2024-11-07T15:54:05","slug":"cadillac-lyriq","status":"publish","type":"product","link":"https:\/\/charleslimousine.com\/fr\/limousines\/cadillac-lyriq\/","title":{"rendered":"Cadillac Lyriq"},"content":{"rendered":"<p><span style=\"font-weight: 400;\">Le Cadillac Lyriq est le v\u00e9hicule \u00e9lectrique phare de Cadillac, marquant un tournant audacieux dans le voyage de luxe. Int\u00e9grant les technologies \u00e9lectriques de pointe au style intemporel de Cadillac, ce VUS est id\u00e9al pour les voyageurs d\u2019affaires visionnaires et les amateurs de loisirs soucieux de l\u2019environnement.<\/span><\/p>\n<h4><span style=\"font-weight: 400;\">Confort et performance<\/span><span style=\"font-weight: 400;\"><br \/>\n<\/span><\/h4>\n<ul>\n<li style=\"font-weight: 400;\" aria-level=\"1\"><span style=\"font-weight: 400;\">Pr\u00e9cision \u00e9lectrique : Au c\u0153ur du Cadillac Lyriq se trouve un moteur enti\u00e8rement \u00e9lectrique avanc\u00e9, offrant une conduite puissante et silencieuse, avec une acc\u00e9l\u00e9ration de 0 \u00e0 100 km\/h en environ 5,7 secondes.<\/span><\/li>\n<li style=\"font-weight: 400;\" aria-level=\"1\"><span style=\"font-weight: 400;\">Ambiance ultra-silencieuse : Gr\u00e2ce \u00e0 une cabine ultra-silencieuse, le Lyriq offre une tranquillit\u00e9 digne des salons de luxe.<\/span><\/li>\n<li style=\"font-weight: 400;\" aria-level=\"1\"><span style=\"font-weight: 400;\">Exp\u00e9rience sonore immersive : \u00c9quip\u00e9 d\u2019un syst\u00e8me audio AKG Studio sur mesure avec 19 haut-parleurs, le Lyriq vous plonge dans votre musique pr\u00e9f\u00e9r\u00e9e avec une profondeur et une clart\u00e9 in\u00e9gal\u00e9es.<\/span><\/li>\n<\/ul>\n<h4><span style=\"font-weight: 400;\">S\u00e9curit\u00e9 et luxe<\/span><span style=\"font-weight: 400;\"><br \/>\n<\/span><\/h4>\n<p><span style=\"font-weight: 400;\">En plus de son apparence remarquable et de son efficacit\u00e9 \u00e9lectrique, le Cadillac Lyriq est \u00e9quip\u00e9 de caract\u00e9ristiques de s\u00e9curit\u00e9 et de luxe avanc\u00e9es pour am\u00e9liorer votre exp\u00e9rience de voyage :<\/span><\/p>\n<ul>\n<li style=\"font-weight: 400;\" aria-level=\"1\"><span style=\"font-weight: 400;\">Toit vitr\u00e9 panoramique et si\u00e8ges haut de gamme : Un toit vitr\u00e9 panoramique inonde l\u2019habitacle de lumi\u00e8re naturelle, tandis que des si\u00e8ges en cuir somptueux assurent le confort de chaque passager.<\/span><\/li>\n<li style=\"font-weight: 400;\" aria-level=\"1\"><span style=\"font-weight: 400;\">Si\u00e8ges de luxe pour 5 passagers : Avec des si\u00e8ges spacieux pour cinq passagers et un vaste espace de chargement, le Lyriq est parfait pour les voyageurs qui recherchent style, espace et mobilit\u00e9 \u00e9cologique.<\/span><\/li>\n<\/ul>\n","protected":false},"excerpt":{"rendered":"[fusion_builder_container type=\"flex\" hundred_percent=\"no\" equal_height_columns=\"no\" menu_anchor=\"\" hide_on_mobile=\"small-visibility,medium-visibility,large-visibility\" class=\"\" id=\"\" background_color=\"\" background_image=\"\" background_position=\"center center\" background_repeat=\"no-repeat\" fade=\"no\" background_parallax=\"none\" parallax_speed=\"0.3\" video_mp4=\"\" video_webm=\"\" video_ogv=\"\" video_url=\"\" video_aspect_ratio=\"16:9\" video_loop=\"yes\" video_mute=\"yes\" overlay_color=\"\" video_preview_image=\"\" border_color=\"\" border_style=\"solid\" padding_top=\"\" padding_bottom=\"\" padding_left=\"0\" padding_right=\"\"][fusion_builder_row][fusion_builder_column type=\"1_1\" layout=\"1_1\" background_position=\"left top\" background_color=\"\" border_color=\"\" border_style=\"solid\" border_position=\"all\" spacing=\"yes\" background_image=\"\" background_repeat=\"no-repeat\" padding_top=\"\" padding_right=\"\" padding_bottom=\"\" padding_left=\"\" margin_top=\"0px\" margin_bottom=\"0px\" class=\"\" id=\"\" animation_type=\"\" animation_speed=\"0.3\" animation_direction=\"left\" hide_on_mobile=\"small-visibility,medium-visibility,large-visibility\" center_content=\"no\" last=\"true\" min_height=\"\" hover_type=\"none\" link=\"\" border_sizes_top=\"\" border_sizes_bottom=\"\" border_sizes_left=\"\" border_sizes_right=\"\" first=\"true\"][fusion_text columns=\"\" rule_style=\"default\" rule_size=\"\" animation_direction=\"left\" animation_speed=\"0.3\" hide_on_mobile=\"small-visibility,medium-visibility,large-visibility\" sticky_display=\"normal,sticky\" margin_bottom=\"40px\"]<span style=\"font-weight: 400;\">Pour ceux qui recherchent \u00e0 la fois le luxe et la durabilit\u00e9, le Cadillac Lyriq r\u00e9invente le voyage, alliant haute performance et confort raffin\u00e9. Chaque trajet en Lyriq vous rapproche d\u2019un avenir plus vert, sans compromis sur l\u2019\u00e9l\u00e9gance ou le confort.<\/span>[\/fusion_text][fusion_button link=\"\/fr\/reservation\/\" title=\"\" target=\"_self\" link_attributes=\"\" alignment_medium=\"\" alignment_small=\"\" alignment=\"\" modal=\"\" hide_on_mobile=\"small-visibility,medium-visibility,large-visibility\" sticky_display=\"normal,sticky\" class=\"\" id=\"\" color=\"custom\" button_gradient_top_color=\"var(--awb-color5)\" hue=\"\" saturation=\"\" lightness=\"\" alpha=\"\" button_gradient_bottom_color=\"var(--awb-color5)\" button_gradient_top_color_hover=\"var(--awb-color7)\" button_gradient_bottom_color_hover=\"var(--awb-color7)\" gradient_start_position=\"\" gradient_end_position=\"\" gradient_type=\"\" radial_direction=\"\" linear_angle=\"180\" accent_color=\"\" accent_hover_color=\"\" type=\"\" bevel_color=\"\" bevel_color_hover=\"\" border_top=\"1px\" border_right=\"1px\" border_bottom=\"1px\" border_left=\"1px\" border_radius_top_left=\"\" border_radius_top_right=\"\" border_radius_bottom_right=\"\" border_radius_bottom_left=\"\" border_color=\"var(--awb-color5)\" border_hover_color=\"var(--awb-color7)\" size=\"\" padding_top=\"\" padding_right=\"\" padding_bottom=\"\" padding_left=\"\" fusion_font_family_button_font=\"var(--awb-typography3-font-family)\" fusion_font_variant_button_font=\"var(--awb-typography3)\" font_size=\"var(--awb-typography3-font-size)\" line_height=\"var(--awb-typography3-line-height)\" letter_spacing=\"var(--awb-typography3-letter-spacing)\" text_transform=\"uppercase\" stretch=\"default\" margin_top=\"20px\" margin_right=\"20px\" margin_bottom=\"\" margin_left=\"\" icon=\"\" icon_position=\"left\" icon_divider=\"no\" hover_transition=\"none\" animation_type=\"\" animation_direction=\"left\" animation_color=\"\" animation_speed=\"0.3\" animation_delay=\"0\" animation_offset=\"\"]CONTACTEZ-NOUS[\/fusion_button][\/fusion_builder_column][\/fusion_builder_row][\/fusion_builder_container]\n","protected":false},"featured_media":7734,"template":"","meta":[],"product_brand":[],"product_cat":[546,526],"product_tag":[531,544],"class_list":{"0":"post-9218","1":"product","2":"type-product","3":"status-publish","4":"has-post-thumbnail","6":"product_cat-model-cadillac-fr","7":"product_cat-charles-limousine-flotte-montreal","8":"product_tag-2020-fr","9":"product_tag-xt6-fr","10":"pa_color-noire","12":"first","13":"instock","14":"shipping-taxable","15":"purchasable","16":"product-type-simple"},"yoast_head":"<!-- This site is optimized with the Yoast SEO plugin v27.3 - https:\/\/yoast.com\/product\/yoast-seo-wordpress\/ -->\n<title>VUS de luxe Cadillac Lyriq | Charles Limousine Montr\u00e9al<\/title>\n<meta name=\"description\" content=\"Vivez l\u2019avenir du luxe en d\u00e9placement avec le Cadillac Lyriq tout \u00e9lectrique\u2014\u00e9l\u00e9gance, confort et performance \u00e9cologique. R\u00e9servez d\u00e8s aujourd\u2019hui !\" \/>\n<meta name=\"robots\" content=\"index, follow, max-snippet:-1, max-image-preview:large, max-video-preview:-1\" \/>\n<link rel=\"canonical\" href=\"https:\/\/charleslimousine.com\/fr\/limousines\/cadillac-lyriq\/\" \/>\n<meta property=\"og:locale\" content=\"fr_CA\" \/>\n<meta property=\"og:type\" content=\"article\" \/>\n<meta property=\"og:title\" content=\"VUS de luxe Cadillac Lyriq | Charles Limousine Montr\u00e9al\" \/>\n<meta property=\"og:description\" content=\"Vivez l\u2019avenir du luxe en d\u00e9placement avec le Cadillac Lyriq tout \u00e9lectrique\u2014\u00e9l\u00e9gance, confort et performance \u00e9cologique. R\u00e9servez d\u00e8s aujourd\u2019hui !\" \/>\n<meta property=\"og:url\" content=\"https:\/\/charleslimousine.com\/fr\/limousines\/cadillac-lyriq\/\" \/>\n<meta property=\"og:site_name\" content=\"Limousine Charles\" \/>\n<meta property=\"article:publisher\" content=\"https:\/\/www.facebook.com\/Charles.Limousine\/\" \/>\n<meta property=\"article:modified_time\" content=\"2024-11-07T15:54:05+00:00\" \/>\n<meta property=\"og:image\" content=\"https:\/\/charleslimousine.com\/wp-content\/uploads\/2023\/02\/Untitled-design-1-1.jpg\" \/>\n\t<meta property=\"og:image:width\" content=\"860\" \/>\n\t<meta property=\"og:image:height\" content=\"692\" \/>\n\t<meta property=\"og:image:type\" content=\"image\/jpeg\" \/>\n<meta name=\"twitter:card\" content=\"summary_large_image\" \/>\n<meta name=\"twitter:label1\" content=\"Estimation du temps de lecture\" \/>\n\t<meta name=\"twitter:data1\" content=\"2 minutes\" \/>\n<script type=\"application\/ld+json\" class=\"yoast-schema-graph\">{\"@context\":\"https:\\\/\\\/schema.org\",\"@graph\":[{\"@type\":\"WebPage\",\"@id\":\"https:\\\/\\\/charleslimousine.com\\\/fr\\\/limousines\\\/cadillac-lyriq\\\/\",\"url\":\"https:\\\/\\\/charleslimousine.com\\\/fr\\\/limousines\\\/cadillac-lyriq\\\/\",\"name\":\"VUS de luxe Cadillac Lyriq | Charles Limousine Montr\u00e9al\",\"isPartOf\":{\"@id\":\"https:\\\/\\\/charleslimousine.com\\\/fr\\\/#website\"},\"primaryImageOfPage\":{\"@id\":\"https:\\\/\\\/charleslimousine.com\\\/fr\\\/limousines\\\/cadillac-lyriq\\\/#primaryimage\"},\"image\":{\"@id\":\"https:\\\/\\\/charleslimousine.com\\\/fr\\\/limousines\\\/cadillac-lyriq\\\/#primaryimage\"},\"thumbnailUrl\":\"https:\\\/\\\/charleslimousine.com\\\/wp-content\\\/uploads\\\/2023\\\/02\\\/Untitled-design-1-1.jpg\",\"datePublished\":\"2024-10-30T14:22:22+00:00\",\"dateModified\":\"2024-11-07T15:54:05+00:00\",\"description\":\"Vivez l\u2019avenir du luxe en d\u00e9placement avec le Cadillac Lyriq tout \u00e9lectrique\u2014\u00e9l\u00e9gance, confort et performance \u00e9cologique. R\u00e9servez d\u00e8s aujourd\u2019hui !\",\"breadcrumb\":{\"@id\":\"https:\\\/\\\/charleslimousine.com\\\/fr\\\/limousines\\\/cadillac-lyriq\\\/#breadcrumb\"},\"inLanguage\":\"fr-CA\",\"potentialAction\":[{\"@type\":\"ReadAction\",\"target\":[\"https:\\\/\\\/charleslimousine.com\\\/fr\\\/limousines\\\/cadillac-lyriq\\\/\"]}]},{\"@type\":\"ImageObject\",\"inLanguage\":\"fr-CA\",\"@id\":\"https:\\\/\\\/charleslimousine.com\\\/fr\\\/limousines\\\/cadillac-lyriq\\\/#primaryimage\",\"url\":\"https:\\\/\\\/charleslimousine.com\\\/wp-content\\\/uploads\\\/2023\\\/02\\\/Untitled-design-1-1.jpg\",\"contentUrl\":\"https:\\\/\\\/charleslimousine.com\\\/wp-content\\\/uploads\\\/2023\\\/02\\\/Untitled-design-1-1.jpg\",\"width\":860,\"height\":692,\"caption\":\"2022 Black Cadillac XT6\"},{\"@type\":\"BreadcrumbList\",\"@id\":\"https:\\\/\\\/charleslimousine.com\\\/fr\\\/limousines\\\/cadillac-lyriq\\\/#breadcrumb\",\"itemListElement\":[{\"@type\":\"ListItem\",\"position\":1,\"name\":\"Home\",\"item\":\"https:\\\/\\\/charleslimousine.com\\\/fr\\\/\"},{\"@type\":\"ListItem\",\"position\":2,\"name\":\"Limousines A\u00e9roport, Laval &#038; Montr\u00e9al\",\"item\":\"https:\\\/\\\/charleslimousine.com\\\/fr\\\/limousines\\\/\"},{\"@type\":\"ListItem\",\"position\":3,\"name\":\"Cadillac Lyriq\"}]},{\"@type\":\"WebSite\",\"@id\":\"https:\\\/\\\/charleslimousine.com\\\/fr\\\/#website\",\"url\":\"https:\\\/\\\/charleslimousine.com\\\/fr\\\/\",\"name\":\"Limousine Charles\",\"description\":\"Montreal Limo Service\",\"potentialAction\":[{\"@type\":\"SearchAction\",\"target\":{\"@type\":\"EntryPoint\",\"urlTemplate\":\"https:\\\/\\\/charleslimousine.com\\\/fr\\\/?s={search_term_string}\"},\"query-input\":{\"@type\":\"PropertyValueSpecification\",\"valueRequired\":true,\"valueName\":\"search_term_string\"}}],\"inLanguage\":\"fr-CA\"}]}<\/script>\n<!-- \/ Yoast SEO plugin. -->","yoast_head_json":{"title":"VUS de luxe Cadillac Lyriq | Charles Limousine Montr\u00e9al","description":"Vivez l\u2019avenir du luxe en d\u00e9placement avec le Cadillac Lyriq tout \u00e9lectrique\u2014\u00e9l\u00e9gance, confort et performance \u00e9cologique. R\u00e9servez d\u00e8s aujourd\u2019hui !","robots":{"index":"index","follow":"follow","max-snippet":"max-snippet:-1","max-image-preview":"max-image-preview:large","max-video-preview":"max-video-preview:-1"},"canonical":"https:\/\/charleslimousine.com\/fr\/limousines\/cadillac-lyriq\/","og_locale":"fr_CA","og_type":"article","og_title":"VUS de luxe Cadillac Lyriq | Charles Limousine Montr\u00e9al","og_description":"Vivez l\u2019avenir du luxe en d\u00e9placement avec le Cadillac Lyriq tout \u00e9lectrique\u2014\u00e9l\u00e9gance, confort et performance \u00e9cologique. R\u00e9servez d\u00e8s aujourd\u2019hui !","og_url":"https:\/\/charleslimousine.com\/fr\/limousines\/cadillac-lyriq\/","og_site_name":"Limousine Charles","article_publisher":"https:\/\/www.facebook.com\/Charles.Limousine\/","article_modified_time":"2024-11-07T15:54:05+00:00","og_image":[{"width":860,"height":692,"url":"https:\/\/charleslimousine.com\/wp-content\/uploads\/2023\/02\/Untitled-design-1-1.jpg","type":"image\/jpeg"}],"twitter_card":"summary_large_image","twitter_misc":{"Estimation du temps de lecture":"2 minutes"},"schema":{"@context":"https:\/\/schema.org","@graph":[{"@type":"WebPage","@id":"https:\/\/charleslimousine.com\/fr\/limousines\/cadillac-lyriq\/","url":"https:\/\/charleslimousine.com\/fr\/limousines\/cadillac-lyriq\/","name":"VUS de luxe Cadillac Lyriq | Charles Limousine Montr\u00e9al","isPartOf":{"@id":"https:\/\/charleslimousine.com\/fr\/#website"},"primaryImageOfPage":{"@id":"https:\/\/charleslimousine.com\/fr\/limousines\/cadillac-lyriq\/#primaryimage"},"image":{"@id":"https:\/\/charleslimousine.com\/fr\/limousines\/cadillac-lyriq\/#primaryimage"},"thumbnailUrl":"https:\/\/charleslimousine.com\/wp-content\/uploads\/2023\/02\/Untitled-design-1-1.jpg","datePublished":"2024-10-30T14:22:22+00:00","dateModified":"2024-11-07T15:54:05+00:00","description":"Vivez l\u2019avenir du luxe en d\u00e9placement avec le Cadillac Lyriq tout \u00e9lectrique\u2014\u00e9l\u00e9gance, confort et performance \u00e9cologique. R\u00e9servez d\u00e8s aujourd\u2019hui !","breadcrumb":{"@id":"https:\/\/charleslimousine.com\/fr\/limousines\/cadillac-lyriq\/#breadcrumb"},"inLanguage":"fr-CA","potentialAction":[{"@type":"ReadAction","target":["https:\/\/charleslimousine.com\/fr\/limousines\/cadillac-lyriq\/"]}]},{"@type":"ImageObject","inLanguage":"fr-CA","@id":"https:\/\/charleslimousine.com\/fr\/limousines\/cadillac-lyriq\/#primaryimage","url":"https:\/\/charleslimousine.com\/wp-content\/uploads\/2023\/02\/Untitled-design-1-1.jpg","contentUrl":"https:\/\/charleslimousine.com\/wp-content\/uploads\/2023\/02\/Untitled-design-1-1.jpg","width":860,"height":692,"caption":"2022 Black Cadillac XT6"},{"@type":"BreadcrumbList","@id":"https:\/\/charleslimousine.com\/fr\/limousines\/cadillac-lyriq\/#breadcrumb","itemListElement":[{"@type":"ListItem","position":1,"name":"Home","item":"https:\/\/charleslimousine.com\/fr\/"},{"@type":"ListItem","position":2,"name":"Limousines A\u00e9roport, Laval &#038; Montr\u00e9al","item":"https:\/\/charleslimousine.com\/fr\/limousines\/"},{"@type":"ListItem","position":3,"name":"Cadillac Lyriq"}]},{"@type":"WebSite","@id":"https:\/\/charleslimousine.com\/fr\/#website","url":"https:\/\/charleslimousine.com\/fr\/","name":"Limousine Charles","description":"Montreal Limo Service","potentialAction":[{"@type":"SearchAction","target":{"@type":"EntryPoint","urlTemplate":"https:\/\/charleslimousine.com\/fr\/?s={search_term_string}"},"query-input":{"@type":"PropertyValueSpecification","valueRequired":true,"valueName":"search_term_string"}}],"inLanguage":"fr-CA"}]}},"_links":{"self":[{"href":"https:\/\/charleslimousine.com\/fr\/wp-json\/wp\/v2\/product\/9218","targetHints":{"allow":["GET"]}}],"collection":[{"href":"https:\/\/charleslimousine.com\/fr\/wp-json\/wp\/v2\/product"}],"about":[{"href":"https:\/\/charleslimousine.com\/fr\/wp-json\/wp\/v2\/types\/product"}],"wp:featuredmedia":[{"embeddable":true,"href":"https:\/\/charleslimousine.com\/fr\/wp-json\/wp\/v2\/media\/7734"}],"wp:attachment":[{"href":"https:\/\/charleslimousine.com\/fr\/wp-json\/wp\/v2\/media?parent=9218"}],"wp:term":[{"taxonomy":"product_brand","embeddable":true,"href":"https:\/\/charleslimousine.com\/fr\/wp-json\/wp\/v2\/product_brand?post=9218"},{"taxonomy":"product_cat","embeddable":true,"href":"https:\/\/charleslimousine.com\/fr\/wp-json\/wp\/v2\/product_cat?post=9218"},{"taxonomy":"product_tag","embeddable":true,"href":"https:\/\/charleslimousine.com\/fr\/wp-json\/wp\/v2\/product_tag?post=9218"}],"curies":[{"name":"wp","href":"https:\/\/api.w.org\/{rel}","templated":true}]}}